{"id":1659,"date":"2025-03-31T20:13:04","date_gmt":"2025-03-31T20:13:04","guid":{"rendered":"https:\/\/clinicalaconcepcion.com.co\/newsite\/?page_id=1659"},"modified":"2025-05-29T01:17:51","modified_gmt":"2025-05-29T01:17:51","slug":"mision-vision","status":"publish","type":"page","link":"https:\/\/clinicalaconcepcion.com.co\/newsite\/mision-vision\/","title":{"rendered":"Misi\u00f3n y Visi\u00f3n"},"content":{"rendered":"\n<div class=\"wp-block-uagb-container uagb-block-7fa683e6 alignfull uagb-is-root-container\"><div class=\"uagb-container-inner-blocks-wrap\">\n<div class=\"wp-block-uagb-advanced-heading uagb-block-74b342eb\"><h1 class=\"uagb-heading-text\">Qui\u00e9nes Somos<\/h1><\/div>\n<\/div><\/div>\n\n\n\n<div class=\"wp-block-uagb-container uagb-block-94ded581 alignfull uagb-is-root-container\"><div class=\"uagb-container-inner-blocks-wrap\">\n<div class=\"wp-block-uagb-advanced-heading uagb-block-671f3570\"><\/div>\n\n\n\n<div class=\"wp-block-uagb-container uagb-block-21891d52\">\n<div class=\"wp-block-uagb-container uagb-block-8a4a99e4\">\n<div class=\"wp-block-uagb-image alignleft uagb-block-e71a6b83 wp-block-uagb-image--layout-default wp-block-uagb-image--effect-static wp-block-uagb-image--align-left\"><figure class=\"wp-block-uagb-image__figure\"><img decoding=\"async\" srcset=\"https:\/\/clinicalaconcepcion.com.co\/newsite\/wp-content\/uploads\/2025\/03\/close-up-photo-of-a-stethoscope-40568.jpeg ,https:\/\/clinicalaconcepcion.com.co\/newsite\/wp-content\/uploads\/2025\/03\/close-up-photo-of-a-stethoscope-40568.jpeg 780w\" sizes=\"auto, (max-width: 480px) 150px\" src=\"https:\/\/clinicalaconcepcion.com.co\/newsite\/wp-content\/uploads\/2025\/03\/close-up-photo-of-a-stethoscope-40568.jpeg\" alt=\"\" class=\"uag-image-1616\" width=\"526\" height=\"536\" title=\"\" loading=\"lazy\" role=\"img\"\/><\/figure><\/div>\n<\/div>\n\n\n\n<div class=\"wp-block-uagb-container uagb-block-7e959f87\">\n<div class=\"wp-block-uagb-info-box uagb-block-4960c374 uagb-infobox__content-wrap  uagb-infobox-icon-above-title uagb-infobox-image-valign-top\"><div class=\"uagb-ifb-content\"><div class=\"uagb-ifb-title-wrap\"><h3 class=\"uagb-ifb-title\">Misi\u00f3n<\/h3><\/div><p class=\"uagb-ifb-desc\">Somos una instituci\u00f3n prestadora de servicios de salud con \u00e9nfasis en servicios ambulatorios, hospitalarios y farmac\u00e9uticos de alta calidad que garantiza la satisfacci\u00f3n de nuestro usuario brind\u00e1ndoles una atenci\u00f3n integral, con personal altamente calificado, comprometido con el mejoramiento continuo, el crecimiento y desarrollo de la instituci\u00f3n.<br><br><\/p><\/div><\/div>\n\n\n\n<div class=\"wp-block-uagb-info-box uagb-block-dc847b4d uagb-infobox__content-wrap  uagb-infobox-icon-above-title uagb-infobox-image-valign-top\"><div class=\"uagb-ifb-content\"><div class=\"uagb-ifb-title-wrap\"><h3 class=\"uagb-ifb-title\">Visi\u00f3n<\/h3><\/div><p class=\"uagb-ifb-desc\">Ser una instituci\u00f3n referente en la prestaci\u00f3n de servicios de salud en la regi\u00f3n, reconocidos por nuestros altos est\u00e1ndares de calidad, oportuna atenci\u00f3n, innovaci\u00f3n, calidez y responsabilidad social.<br><br><\/p><\/div><\/div>\n<\/div>\n<\/div>\n<\/div><\/div>\n\n\n\n<div class=\"wp-block-uagb-container uagb-block-c84325e4 alignfull uagb-is-root-container\"><div class=\"uagb-container-inner-blocks-wrap\">\n<div class=\"wp-block-uagb-info-box uagb-block-d8a09d88 uagb-infobox__content-wrap  uagb-infobox-icon-above-title uagb-infobox-image-valign-top\"><div class=\"uagb-ifb-content\"><div class=\"uagb-ifb-title-wrap\"><h2 class=\"uagb-ifb-title\">Tu Salud, Nuestra Prioridad<\/h2><\/div><p class=\"uagb-ifb-desc\">Cont\u00e1ctanos hoy mismo y descubre c\u00f3mo podemos ayudarte a mejorar tu calidad de vida y bienestar general.<\/p><div class=\"uagb-ifb-button-wrapper wp-block-button\"><a href=\"\/contact\/\" class=\"uagb-infobox-cta-link wp-block-button__link\" target=\"_self\" rel=\"noopener noreferrer\" onclick=\"return true;\"><span class=\"uagb-inline-editing\">Cont\u00e1ctanos<\/span><\/a><\/div><\/div><\/div>\n<\/div><\/div>\n","protected":false},"excerpt":{"rendered":"<p>Qui\u00e9nes Somos<\/p>\n","protected":false},"author":10,"featured_media":0,"parent":0,"menu_order":0,"comment_status":"closed","ping_status":"closed","template":"","meta":{"_uag_custom_page_level_css":"","site-sidebar-layout":"default","site-content-layout":"","ast-site-content-layout":"default","site-content-style":"default","site-sidebar-style":"default","ast-global-header-display":"","ast-banner-title-visibility":"","ast-main-header-display":"","ast-hfb-above-header-display":"","ast-hfb-below-header-display":"","ast-hfb-mobile-header-display":"","site-post-title":"disabled","ast-breadcrumbs-content":"","ast-featured-img":"","footer-sml-layout":"","ast-disable-related-posts":"","theme-transparent-header-meta":"enabled","adv-header-id-meta":"","stick-header-meta":"","header-above-stick-meta":"","header-main-stick-meta":"","header-below-stick-meta":"","astra-migrate-meta-layouts":"set","ast-page-background-enabled":"default","ast-page-background-meta":{"desktop":{"background-color":"var(--ast-global-color-4)","background-image":"","background-repeat":"repeat","background-position":"center center","background-size":"auto","background-attachment":"scroll","background-type":"","background-media":"","overlay-type":"","overlay-color":"","overlay-opacity":"","overlay-gradient":""},"tablet":{"background-color":"","background-image":"","background-repeat":"repeat","background-position":"center center","background-size":"auto","background-attachment":"scroll","background-type":"","background-media":"","overlay-type":"","overlay-color":"","overlay-opacity":"","overlay-gradient":""},"mobile":{"background-color":"","background-image":"","background-repeat":"repeat","background-position":"center center","background-size":"auto","background-attachment":"scroll","background-type":"","background-media":"","overlay-type":"","overlay-color":"","overlay-opacity":"","overlay-gradient":""}},"ast-content-background-meta":{"desktop":{"background-color":"var(--ast-global-color-5)","background-image":"","background-repeat":"repeat","background-position":"center center","background-size":"auto","background-attachment":"scroll","background-type":"","background-media":"","overlay-type":"","overlay-color":"","overlay-opacity":"","overlay-gradient":""},"tablet":{"background-color":"var(--ast-global-color-5)","background-image":"","background-repeat":"repeat","background-position":"center center","background-size":"auto","background-attachment":"scroll","background-type":"","background-media":"","overlay-type":"","overlay-color":"","overlay-opacity":"","overlay-gradient":""},"mobile":{"background-color":"var(--ast-global-color-5)","background-image":"","background-repeat":"repeat","background-position":"center center","background-size":"auto","background-attachment":"scroll","background-type":"","background-media":"","overlay-type":"","overlay-color":"","overlay-opacity":"","overlay-gradient":""}},"footnotes":""},"class_list":["post-1659","page","type-page","status-publish","hentry"],"uagb_featured_image_src":{"full":false,"thumbnail":false,"medium":false,"medium_large":false,"large":false,"1536x1536":false,"2048x2048":false},"uagb_author_info":{"display_name":"vvorirutsac3","author_link":"https:\/\/clinicalaconcepcion.com.co\/newsite\/author\/vvorirutsac3\/"},"uagb_comment_info":0,"uagb_excerpt":"Qui\u00e9nes Somos","_links":{"self":[{"href":"https:\/\/clinicalaconcepcion.com.co\/newsite\/wp-json\/wp\/v2\/pages\/1659","targetHints":{"allow":["GET"]}}],"collection":[{"href":"https:\/\/clinicalaconcepcion.com.co\/newsite\/wp-json\/wp\/v2\/pages"}],"about":[{"href":"https:\/\/clinicalaconcepcion.com.co\/newsite\/wp-json\/wp\/v2\/types\/page"}],"author":[{"embeddable":true,"href":"https:\/\/clinicalaconcepcion.com.co\/newsite\/wp-json\/wp\/v2\/users\/10"}],"replies":[{"embeddable":true,"href":"https:\/\/clinicalaconcepcion.com.co\/newsite\/wp-json\/wp\/v2\/comments?post=1659"}],"version-history":[{"count":3,"href":"https:\/\/clinicalaconcepcion.com.co\/newsite\/wp-json\/wp\/v2\/pages\/1659\/revisions"}],"predecessor-version":[{"id":1709,"href":"https:\/\/clinicalaconcepcion.com.co\/newsite\/wp-json\/wp\/v2\/pages\/1659\/revisions\/1709"}],"wp:attachment":[{"href":"https:\/\/clinicalaconcepcion.com.co\/newsite\/wp-json\/wp\/v2\/media?parent=1659"}],"curies":[{"name":"wp","href":"https:\/\/api.w.org\/{rel}","templated":true}]}}