{"id":167,"date":"2025-03-24T23:12:30","date_gmt":"2025-03-24T23:12:30","guid":{"rendered":"https:\/\/amazed-arielle-q9a5z.zipwp.site\/?page_id=167"},"modified":"2025-05-29T01:15:11","modified_gmt":"2025-05-29T01:15:11","slug":"offerings","status":"publish","type":"page","link":"https:\/\/clinicalaconcepcion.com.co\/newsite\/offerings\/","title":{"rendered":"Offerings"},"content":{"rendered":"\n<div class=\"wp-block-uagb-container uagb-block-6803eae3 alignfull uagb-is-root-container\"><div class=\"uagb-container-inner-blocks-wrap\">\n<div class=\"wp-block-uagb-advanced-heading uagb-block-a2f9964e\"><h1 class=\"uagb-heading-text\">Nuestros Servicios<\/h1><\/div>\n<\/div><\/div>\n\n\n\n<div class=\"wp-block-uagb-container uagb-block-623363c6 alignfull uagb-is-root-container\"><div class=\"uagb-container-inner-blocks-wrap\">\n<div class=\"wp-block-uagb-info-box uagb-block-3801b6ed uagb-infobox__content-wrap  uagb-infobox-icon-above-title uagb-infobox-image-valign-top\"><div class=\"uagb-ifb-content\"><div class=\"uagb-ifb-title-wrap\"><h2 class=\"uagb-ifb-title\">Servicios M\u00e9dicos Especializados<\/h2><\/div><p class=\"uagb-ifb-desc\">Descubre la variedad de servicios que ofrecemos para brindar la mejor atenci\u00f3n y cuidado a nuestra comunidad.<\/p><\/div><\/div>\n\n\n\n<div class=\"wp-block-uagb-container uagb-block-e91230d3\">\n<div class=\"wp-block-uagb-container uagb-block-b46395ef\">\n<div class=\"wp-block-uagb-image alignleft uagb-block-4ff9da3f wp-block-uagb-image--layout-default wp-block-uagb-image--effect-static wp-block-uagb-image--align-left\"><figure class=\"wp-block-uagb-image__figure\"><img decoding=\"async\" srcset=\"https:\/\/clinicalaconcepcion.com.co\/newsite\/wp-content\/uploads\/2025\/05\/concepcion_4-1024x683.jpg ,https:\/\/clinicalaconcepcion.com.co\/newsite\/wp-content\/uploads\/2025\/05\/concepcion_4.jpg 780w, https:\/\/clinicalaconcepcion.com.co\/newsite\/wp-content\/uploads\/2025\/05\/concepcion_4.jpg 360w\" sizes=\"auto, (max-width: 480px) 150px\" src=\"https:\/\/clinicalaconcepcion.com.co\/newsite\/wp-content\/uploads\/2025\/05\/concepcion_4-1024x683.jpg\" alt=\"\" class=\"uag-image-1691\" width=\"560\" height=\"500\" title=\"concepcion_4\" loading=\"lazy\" role=\"img\"\/><\/figure><\/div>\n<\/div>\n\n\n\n<div class=\"wp-block-uagb-container uagb-block-7621abb2\">\n<div class=\"wp-block-uagb-info-box uagb-block-f3d2d6b2 uagb-infobox__content-wrap  uagb-infobox-icon-above-title uagb-infobox-image-valign-top\"><div class=\"uagb-ifb-content\"><div class=\"uagb-ifb-title-wrap\"><span class=\"uagb-ifb-title-prefix\">01<\/span><h3 class=\"uagb-ifb-title\">Hospitalizaci\u00f3n<\/h3><\/div><p class=\"uagb-ifb-desc\">En nuestra cl\u00ednica, ofrecemos hospitalizaci\u00f3n de calidad, garantizando a nuestros pacientes un ambiente c\u00f3modo y seguro donde recibir tratamiento m\u00e9dico especializado y continuo.<\/p><div class=\"uagb-ifb-button-wrapper wp-block-button\"><a href=\"contact\/\" class=\"uagb-infobox-cta-link wp-block-button__link\" target=\"_self\" rel=\"noopener noreferrer\" onclick=\"return true;\"><span class=\"uagb-inline-editing\">Comenzar<\/span><\/a><\/div><\/div><\/div>\n<\/div>\n<\/div>\n\n\n\n<div class=\"wp-block-uagb-container uagb-block-3893b8aa\">\n<div class=\"wp-block-uagb-container uagb-block-b02b419f\">\n<div class=\"wp-block-uagb-image alignright uagb-block-2622f629 wp-block-uagb-image--layout-default wp-block-uagb-image--effect-static wp-block-uagb-image--align-right\"><figure class=\"wp-block-uagb-image__figure\"><img decoding=\"async\" srcset=\"https:\/\/clinicalaconcepcion.com.co\/newsite\/wp-content\/uploads\/2025\/05\/d4df8e70-5656-42e1-b919-694eae57d2b2-768x1024.jpg ,https:\/\/clinicalaconcepcion.com.co\/newsite\/wp-content\/uploads\/2025\/05\/d4df8e70-5656-42e1-b919-694eae57d2b2.jpg 780w, https:\/\/clinicalaconcepcion.com.co\/newsite\/wp-content\/uploads\/2025\/05\/d4df8e70-5656-42e1-b919-694eae57d2b2.jpg 360w\" sizes=\"auto, (max-width: 480px) 150px\" src=\"https:\/\/clinicalaconcepcion.com.co\/newsite\/wp-content\/uploads\/2025\/05\/d4df8e70-5656-42e1-b919-694eae57d2b2-768x1024.jpg\" alt=\"\" class=\"uag-image-1704\" width=\"560\" height=\"500\" title=\"d4df8e70-5656-42e1-b919-694eae57d2b2\" loading=\"lazy\" role=\"img\"\/><\/figure><\/div>\n<\/div>\n\n\n\n<div class=\"wp-block-uagb-container uagb-block-862a6668\">\n<div class=\"wp-block-uagb-info-box uagb-block-411c16f4 uagb-infobox__content-wrap  uagb-infobox-icon-above-title uagb-infobox-image-valign-top\"><div class=\"uagb-ifb-content\"><div class=\"uagb-ifb-title-wrap\"><span class=\"uagb-ifb-title-prefix\">02<\/span><h3 class=\"uagb-ifb-title\">Cirug\u00eda General<\/h3><\/div><p class=\"uagb-ifb-desc\">Contamos con un equipo de expertos en cirug\u00eda general que utilizan tecnolog\u00eda de punta para realizar procedimientos seguros y eficaces, con una atenci\u00f3n personalizada durante todo el proceso.<\/p><div class=\"uagb-ifb-button-wrapper wp-block-button\"><a href=\"contact\/\" class=\"uagb-infobox-cta-link wp-block-button__link\" target=\"_self\" rel=\"noopener noreferrer\" onclick=\"return true;\"><span class=\"uagb-inline-editing\">Comenzar<\/span><\/a><\/div><\/div><\/div>\n<\/div>\n<\/div>\n\n\n\n<div class=\"wp-block-uagb-container uagb-block-64c2a67e\">\n<div class=\"wp-block-uagb-container uagb-block-3fbfeeed\">\n<div class=\"wp-block-uagb-image alignleft uagb-block-5517d747 wp-block-uagb-image--layout-default wp-block-uagb-image--effect-static wp-block-uagb-image--align-left\"><figure class=\"wp-block-uagb-image__figure\"><img decoding=\"async\" srcset=\"https:\/\/clinicalaconcepcion.com.co\/newsite\/wp-content\/uploads\/2025\/03\/person-getting-his-blood-check-1350560-1024x682.jpeg ,https:\/\/clinicalaconcepcion.com.co\/newsite\/wp-content\/uploads\/2025\/03\/person-getting-his-blood-check-1350560.jpeg 780w, https:\/\/clinicalaconcepcion.com.co\/newsite\/wp-content\/uploads\/2025\/03\/person-getting-his-blood-check-1350560.jpeg 360w\" sizes=\"auto, (max-width: 480px) 150px\" src=\"https:\/\/clinicalaconcepcion.com.co\/newsite\/wp-content\/uploads\/2025\/03\/person-getting-his-blood-check-1350560-1024x682.jpeg\" alt=\"A healthcare professional administering an injection to a patients arm during a medical procedure.\" class=\"uag-image-1629\" width=\"560\" height=\"500\" title=\"person-getting-his-blood-check-1350560\" loading=\"lazy\" role=\"img\"\/><\/figure><\/div>\n<\/div>\n\n\n\n<div class=\"wp-block-uagb-container uagb-block-4906a1e2\">\n<div class=\"wp-block-uagb-info-box uagb-block-b2c48bb3 uagb-infobox__content-wrap  uagb-infobox-icon-above-title uagb-infobox-image-valign-top\"><div class=\"uagb-ifb-content\"><div class=\"uagb-ifb-title-wrap\"><span class=\"uagb-ifb-title-prefix\">03<\/span><h3 class=\"uagb-ifb-title\">Consulta Externa<\/h3><\/div><p class=\"uagb-ifb-desc\">Nuestra cl\u00ednica se especializa en cirug\u00eda ortop\u00e9dica, proporcionando cuidados integrales desde el diagn\u00f3stico hasta la recuperaci\u00f3n, apoyados por un personal altamente calificado y recursos adecuados.<\/p><div class=\"uagb-ifb-button-wrapper wp-block-button\"><a href=\"contact\/\" class=\"uagb-infobox-cta-link wp-block-button__link\" target=\"_self\" rel=\"noopener noreferrer\" onclick=\"return true;\"><span class=\"uagb-inline-editing\">Comenzar<\/span><\/a><\/div><\/div><\/div>\n<\/div>\n<\/div>\n<\/div><\/div>\n\n\n\n<div class=\"wp-block-uagb-container uagb-block-407e9912 alignfull uagb-is-root-container\"><div class=\"uagb-container-inner-blocks-wrap\">\n<div class=\"wp-block-uagb-testimonial uagb-slick-carousel uagb-tm__arrow-outside uagb-block-63d6bdbb uagb-post__carousel_notset uagb-post__carousel_notset-tablet uagb-post__carousel_notset-mobile\"><div class=\"is-carousel uagb-tm__columns-1 uagb-tm__items\"><div class=\"uagb-testimonial__wrap  uagb-tm__imgicon-style-circle uagb-tm__image-position-top uagb-tm__bg-type-none \"><div class=\"uagb-tm__content\"><div class=\"uagb-tm__overlay\"><\/div><div class=\"uagb-tm__image-content\"><div class=\"uagb-tm__image\"><img decoding=\"async\" class=\"uagb-tm-img-src\" src=\"https:\/\/clinicalaconcepcion.com.co\/newsite\/wp-content\/uploads\/2023\/08\/testimonial-skip-02.jpeg\" alt=\"\" width=\"60\" height=\"60\" loading=\"lazy\"\/><\/div><\/div><div class=\"uagb-tm__text-wrap\"><div class=\"uagb-tm__desc\">La atenci\u00f3n que recib\u00ed fue excepcional. Me sent\u00ed apoyada en cada paso de mi tratamiento y el personal fue muy amable y profesional.<\/div><div class=\"uagb-tm__meta-inner\"><div class=\"uagb-testimonial-details\"><span class=\"uagb-tm__author-name\">Isabella Mart\u00ednez<\/span><span class=\"uagb-tm__company\"><\/span><\/div><\/div><\/div><\/div><\/div><\/div><\/div>\n<\/div><\/div>\n\n\n\n<div class=\"wp-block-uagb-container uagb-block-c6476a98 alignfull uagb-is-root-container\"><div class=\"uagb-container-inner-blocks-wrap\">\n<div class=\"wp-block-uagb-container uagb-block-499f3e2a\">\n<div class=\"wp-block-uagb-advanced-heading uagb-block-6fe09642\"><h2 class=\"uagb-heading-text\">Compromiso con la Salud y Bienestar de la Comunidad<\/h2><\/div>\n\n\n\n<div class=\"wp-block-uagb-advanced-heading uagb-block-72279faa\"><p class=\"uagb-heading-text\">En Cl\u00ednica Salud La Concepci\u00f3n, nos dedicamos a ofrecer servicios de alta calidad que priorizan la satisfacci\u00f3n y el bienestar de nuestros pacientes, promoviendo una atenci\u00f3n integral.<\/p><\/div>\n<\/div>\n\n\n\n<div class=\"wp-block-uagb-container uagb-block-8c7963ad\">\n<div class=\"wp-block-uagb-container uagb-block-918d0378\">\n<div class=\"wp-block-uagb-image uagb-block-0a080123 wp-block-uagb-image--layout-default wp-block-uagb-image--effect-static wp-block-uagb-image--align-none\"><figure class=\"wp-block-uagb-image__figure\"><img decoding=\"async\" srcset=\"https:\/\/clinicalaconcepcion.com.co\/newsite\/wp-content\/uploads\/2025\/03\/f781b9f3-6682-4acc-a33e-7cc974842e1d.jpg ,https:\/\/clinicalaconcepcion.com.co\/newsite\/wp-content\/uploads\/2025\/03\/f781b9f3-6682-4acc-a33e-7cc974842e1d.jpg 780w, https:\/\/clinicalaconcepcion.com.co\/newsite\/wp-content\/uploads\/2025\/03\/f781b9f3-6682-4acc-a33e-7cc974842e1d.jpg 360w\" sizes=\"auto, (max-width: 480px) 150px\" src=\"https:\/\/clinicalaconcepcion.com.co\/newsite\/wp-content\/uploads\/2025\/03\/f781b9f3-6682-4acc-a33e-7cc974842e1d.jpg\" alt=\"\" class=\"uag-image-1617\" width=\"560\" height=\"450\" title=\"\" loading=\"lazy\" role=\"img\"\/><\/figure><\/div>\n\n\n\n<div class=\"wp-block-uagb-advanced-heading uagb-block-53687665\"><h3 class=\"uagb-heading-text\">Atenci\u00f3n Personalizada<\/h3><p class=\"uagb-desc-text\">Nuestro enfoque se centra en ofrecer un servicio adaptado a las necesidades de cada paciente, priorizando su comodidad y satisfacci\u00f3n en cada visita.<\/p><\/div>\n<\/div>\n\n\n\n<div class=\"wp-block-uagb-container uagb-block-a2b4d0ac\">\n<div class=\"wp-block-uagb-image alignleft uagb-block-7a16e14f wp-block-uagb-image--layout-default wp-block-uagb-image--effect-static wp-block-uagb-image--align-left\"><figure class=\"wp-block-uagb-image__figure\"><img decoding=\"async\" srcset=\"https:\/\/clinicalaconcepcion.com.co\/newsite\/wp-content\/uploads\/2025\/03\/operador-3-1024x682.jpg ,https:\/\/clinicalaconcepcion.com.co\/newsite\/wp-content\/uploads\/2025\/03\/operador-3.jpg 780w, https:\/\/clinicalaconcepcion.com.co\/newsite\/wp-content\/uploads\/2025\/03\/operador-3.jpg 360w\" sizes=\"auto, (max-width: 480px) 150px\" src=\"https:\/\/clinicalaconcepcion.com.co\/newsite\/wp-content\/uploads\/2025\/03\/operador-3-1024x682.jpg\" alt=\"operador-3\" class=\"uag-image-1631\" width=\"560\" height=\"450\" title=\"operador-3\" loading=\"lazy\" role=\"img\"\/><\/figure><\/div>\n\n\n\n<div class=\"wp-block-uagb-advanced-heading uagb-block-c5a580ac\"><h3 class=\"uagb-heading-text\">Equipo Especializado<\/h3><p class=\"uagb-desc-text\">Contamos con un equipo de profesionales altamente calificados que est\u00e1n comprometidos con la mejora continua y la excelencia en la atenci\u00f3n m\u00e9dica.<\/p><\/div>\n<\/div>\n<\/div>\n<\/div><\/div>\n\n\n\n<div class=\"wp-block-uagb-container uagb-block-c84325e4 alignfull uagb-is-root-container\"><div class=\"uagb-container-inner-blocks-wrap\">\n<div class=\"wp-block-uagb-info-box uagb-block-d8a09d88 uagb-infobox__content-wrap  uagb-infobox-icon-above-title uagb-infobox-image-valign-top\"><div class=\"uagb-ifb-content\"><div class=\"uagb-ifb-title-wrap\"><h2 class=\"uagb-ifb-title\">Tu Salud, Nuestra Prioridad<\/h2><\/div><p class=\"uagb-ifb-desc\">Cont\u00e1ctanos hoy mismo y descubre c\u00f3mo podemos ayudarte a mejorar tu calidad de vida y bienestar general.<\/p><div class=\"uagb-ifb-button-wrapper wp-block-button\"><a href=\"\/contact\/\" class=\"uagb-infobox-cta-link wp-block-button__link\" target=\"_self\" rel=\"noopener noreferrer\" onclick=\"return true;\"><span class=\"uagb-inline-editing\">Cont\u00e1ctanos<\/span><\/a><\/div><\/div><\/div>\n<\/div><\/div>\n","protected":false},"excerpt":{"rendered":"<p>Nuestros Servicios Compromiso con la Salud y Bienestar de la Comunidad En Cl\u00ednica Salud La Concepci\u00f3n, nos dedicamos a ofrecer [&hellip;]<\/p>\n","protected":false},"author":10,"featured_media":0,"parent":0,"menu_order":0,"comment_status":"closed","ping_status":"closed","template":"","meta":{"_uag_custom_page_level_css":"","site-sidebar-layout":"default","site-content-layout":"","ast-site-content-layout":"default","site-content-style":"default","site-sidebar-style":"default","ast-global-header-display":"","ast-banner-title-visibility":"","ast-main-header-display":"","ast-hfb-above-header-display":"","ast-hfb-below-header-display":"","ast-hfb-mobile-header-display":"","site-post-title":"disabled","ast-breadcrumbs-content":"","ast-featured-img":"","footer-sml-layout":"","ast-disable-related-posts":"","theme-transparent-header-meta":"enabled","adv-header-id-meta":"","stick-header-meta":"","header-above-stick-meta":"","header-main-stick-meta":"","header-below-stick-meta":"","astra-migrate-meta-layouts":"set","ast-page-background-enabled":"default","ast-page-background-meta":{"desktop":{"background-color":"var(--ast-global-color-4)","background-image":"","background-repeat":"repeat","background-position":"center center","background-size":"auto","background-attachment":"scroll","background-type":"","background-media":"","overlay-type":"","overlay-color":"","overlay-opacity":"","overlay-gradient":""},"tablet":{"background-color":"","background-image":"","background-repeat":"repeat","background-position":"center center","background-size":"auto","background-attachment":"scroll","background-type":"","background-media":"","overlay-type":"","overlay-color":"","overlay-opacity":"","overlay-gradient":""},"mobile":{"background-color":"","background-image":"","background-repeat":"repeat","background-position":"center center","background-size":"auto","background-attachment":"scroll","background-type":"","background-media":"","overlay-type":"","overlay-color":"","overlay-opacity":"","overlay-gradient":""}},"ast-content-background-meta":{"desktop":{"background-color":"var(--ast-global-color-5)","background-image":"","background-repeat":"repeat","background-position":"center center","background-size":"auto","background-attachment":"scroll","background-type":"","background-media":"","overlay-type":"","overlay-color":"","overlay-opacity":"","overlay-gradient":""},"tablet":{"background-color":"var(--ast-global-color-5)","background-image":"","background-repeat":"repeat","background-position":"center center","background-size":"auto","background-attachment":"scroll","background-type":"","background-media":"","overlay-type":"","overlay-color":"","overlay-opacity":"","overlay-gradient":""},"mobile":{"background-color":"var(--ast-global-color-5)","background-image":"","background-repeat":"repeat","background-position":"center center","background-size":"auto","background-attachment":"scroll","background-type":"","background-media":"","overlay-type":"","overlay-color":"","overlay-opacity":"","overlay-gradient":""}},"footnotes":""},"class_list":["post-167","page","type-page","status-publish","hentry"],"uagb_featured_image_src":{"full":false,"thumbnail":false,"medium":false,"medium_large":false,"large":false,"1536x1536":false,"2048x2048":false},"uagb_author_info":{"display_name":"vvorirutsac3","author_link":"https:\/\/clinicalaconcepcion.com.co\/newsite\/author\/vvorirutsac3\/"},"uagb_comment_info":0,"uagb_excerpt":"Nuestros Servicios Compromiso con la Salud y Bienestar de la Comunidad En Cl\u00ednica Salud La Concepci\u00f3n, nos dedicamos a ofrecer [&hellip;]","_links":{"self":[{"href":"https:\/\/clinicalaconcepcion.com.co\/newsite\/wp-json\/wp\/v2\/pages\/167","targetHints":{"allow":["GET"]}}],"collection":[{"href":"https:\/\/clinicalaconcepcion.com.co\/newsite\/wp-json\/wp\/v2\/pages"}],"about":[{"href":"https:\/\/clinicalaconcepcion.com.co\/newsite\/wp-json\/wp\/v2\/types\/page"}],"author":[{"embeddable":true,"href":"https:\/\/clinicalaconcepcion.com.co\/newsite\/wp-json\/wp\/v2\/users\/10"}],"replies":[{"embeddable":true,"href":"https:\/\/clinicalaconcepcion.com.co\/newsite\/wp-json\/wp\/v2\/comments?post=167"}],"version-history":[{"count":11,"href":"https:\/\/clinicalaconcepcion.com.co\/newsite\/wp-json\/wp\/v2\/pages\/167\/revisions"}],"predecessor-version":[{"id":1708,"href":"https:\/\/clinicalaconcepcion.com.co\/newsite\/wp-json\/wp\/v2\/pages\/167\/revisions\/1708"}],"wp:attachment":[{"href":"https:\/\/clinicalaconcepcion.com.co\/newsite\/wp-json\/wp\/v2\/media?parent=167"}],"curies":[{"name":"wp","href":"https:\/\/api.w.org\/{rel}","templated":true}]}}