{"id":1672,"date":"2025-03-31T21:35:17","date_gmt":"2025-03-31T21:35:17","guid":{"rendered":"https:\/\/clinicalaconcepcion.com.co\/newsite\/?page_id=1672"},"modified":"2025-05-29T19:10:09","modified_gmt":"2025-05-29T19:10:09","slug":"sobre-el-paciente","status":"publish","type":"page","link":"https:\/\/clinicalaconcepcion.com.co\/newsite\/sobre-el-paciente\/","title":{"rendered":"Sobre el paciente"},"content":{"rendered":"\n<div class=\"wp-block-uagb-container uagb-block-7fa683e6 alignfull uagb-is-root-container\"><div class=\"uagb-container-inner-blocks-wrap\">\n<div class=\"wp-block-uagb-advanced-heading uagb-block-74b342eb\"><h1 class=\"uagb-heading-text\">Informaci\u00f3n para pacientes<\/h1><\/div>\n<\/div><\/div>\n\n\n\n<div class=\"wp-block-uagb-container uagb-block-94ded581 alignfull uagb-is-root-container\"><div class=\"uagb-container-inner-blocks-wrap\">\n<div class=\"wp-block-uagb-advanced-heading uagb-block-671f3570\"><h2 class=\"uagb-heading-text\">Derechos y Deberes de los Pacientes<\/h2><\/div>\n\n\n\n<div class=\"wp-block-uagb-container uagb-block-21891d52\">\n<div class=\"wp-block-uagb-container uagb-block-8a4a99e4\">\n<div class=\"wp-block-uagb-image alignleft uagb-block-e71a6b83 wp-block-uagb-image--layout-default wp-block-uagb-image--effect-static wp-block-uagb-image--align-left\"><figure class=\"wp-block-uagb-image__figure\"><img decoding=\"async\" srcset=\"https:\/\/clinicalaconcepcion.com.co\/newsite\/wp-content\/uploads\/2025\/05\/seguruidad.jpg ,https:\/\/clinicalaconcepcion.com.co\/newsite\/wp-content\/uploads\/2025\/05\/seguruidad.jpg 780w, https:\/\/clinicalaconcepcion.com.co\/newsite\/wp-content\/uploads\/2025\/05\/seguruidad.jpg 360w\" sizes=\"auto, (max-width: 480px) 150px\" src=\"https:\/\/clinicalaconcepcion.com.co\/newsite\/wp-content\/uploads\/2025\/05\/seguruidad.jpg\" alt=\"\" class=\"uag-image-1720\" width=\"526\" height=\"536\" title=\"seguruidad\" loading=\"lazy\" role=\"img\"\/><\/figure><\/div>\n<\/div>\n\n\n\n<div class=\"wp-block-uagb-container uagb-block-7e959f87\">\n<div class=\"wp-block-uagb-info-box uagb-block-4960c374 uagb-infobox__content-wrap  uagb-infobox-icon-above-title uagb-infobox-image-valign-top\"><div class=\"uagb-ifb-content\"><div class=\"uagb-ifb-title-wrap\"><h3 class=\"uagb-ifb-title\"><strong>DERECHOS<\/strong><\/h3><\/div><p class=\"uagb-ifb-desc\">Expresar sus inquietudes con respecto a su terapeuta.<br>Comunicaci\u00f3n clara y oportuna.<br>Recibir un trato digno y \u00e9tico.<br>Asistencia dentro de los par\u00e1metros de calidad y seguridad.<br>Segunda opini\u00f3n<br>Informe final<\/p><\/div><\/div>\n\n\n\n<div class=\"wp-block-uagb-info-box uagb-block-d5943167 uagb-infobox__content-wrap  uagb-infobox-icon-above-title uagb-infobox-image-valign-top\"><div class=\"uagb-ifb-content\"><div class=\"uagb-ifb-title-wrap\"><h3 class=\"uagb-ifb-title\"><strong>DE<\/strong>BERES<\/h3><\/div><p class=\"uagb-ifb-desc\">Cuidar de su salud<br>Presentarse puntualmente a su cita y en condiciones de higiene.<br>Tratar con dignidad al personal y a los otros pacientes.<br>Presentarse con toda la documentaci\u00f3n requerida.<br>Menor de edad, adulto mayor o persona con deficiencia cognitiva, asistir con un acompa\u00f1ante.<\/p><\/div><\/div>\n<\/div>\n<\/div>\n\n\n\n<div class=\"wp-block-uagb-advanced-heading uagb-block-9ee5f512\"><h2 class=\"uagb-heading-text\"><strong>Pol\u00edticas de Calidad<\/strong><\/h2><\/div>\n\n\n\n<div class=\"wp-block-uagb-container uagb-block-b0dd91a8\">\n<div class=\"wp-block-uagb-container uagb-block-e4505dfe\">\n<div class=\"wp-block-uagb-image alignleft uagb-block-30d40849 wp-block-uagb-image--layout-default wp-block-uagb-image--effect-static wp-block-uagb-image--align-left\"><figure class=\"wp-block-uagb-image__figure\"><img decoding=\"async\" srcset=\"https:\/\/clinicalaconcepcion.com.co\/newsite\/wp-content\/uploads\/2025\/03\/light-blue-one-use-medical-protective-masks-4197562-683x1024.jpeg ,https:\/\/clinicalaconcepcion.com.co\/newsite\/wp-content\/uploads\/2025\/03\/light-blue-one-use-medical-protective-masks-4197562.jpeg 780w, https:\/\/clinicalaconcepcion.com.co\/newsite\/wp-content\/uploads\/2025\/03\/light-blue-one-use-medical-protective-masks-4197562.jpeg 360w\" sizes=\"auto, (max-width: 480px) 150px\" src=\"https:\/\/clinicalaconcepcion.com.co\/newsite\/wp-content\/uploads\/2025\/03\/light-blue-one-use-medical-protective-masks-4197562-683x1024.jpeg\" alt=\"Top view of one use light blue medical respiratory protective face masks placed on top of each other in disorder\" class=\"uag-image-1628\" width=\"526\" height=\"536\" title=\"light-blue-one-use-medical-protective-masks-4197562\" loading=\"lazy\" role=\"img\"\/><\/figure><\/div>\n<\/div>\n\n\n\n<div class=\"wp-block-uagb-container uagb-block-d4416d2e\">\n<div class=\"wp-block-uagb-info-box uagb-block-927a6c26 uagb-infobox__content-wrap  uagb-infobox-icon-above-title uagb-infobox-image-valign-top\"><div class=\"uagb-ifb-content\"><div class=\"uagb-ifb-title-wrap\"><\/div><p class=\"uagb-ifb-desc\">CLINICA SALUD LA CONCEPCI\u00d3N SAS proporciona una atenci\u00f3n integrada a cada paciente, esforz\u00e1ndose por una asistencia m\u00e9dica de calidad, una atenci\u00f3n personalizada y un profundo respeto por la dignidad de cada persona. Para ofrecer dicha atenci\u00f3n integral se cuenta con unos servicios asistenciales, administrativos y generales eficaces y adecuados. Para la CLINICA SALUD LA CONCEPCI\u00d3N SAS, su objetivo principal es la calidad, enfocada a alcanzar la plena satisfacci\u00f3n de sus clientes y pacientes cumpliendo todos sus requisitos. Para ello, se compromete a implementar y mantener un sistema de gesti\u00f3n de calidad acorde a los requisitos de la resoluci\u00f3n 0256-2016, con el siguiente enlace:<\/p><\/div><\/div>\n\n\n\n<div class=\"wp-block-uagb-info-box uagb-block-893f75b2 uagb-infobox__content-wrap  uagb-infobox-icon-above-title uagb-infobox-image-valign-top\"><div class=\"uagb-ifb-content\"><div class=\"uagb-ifb-title-wrap\"><\/div><\/div><\/div>\n<\/div>\n<\/div>\n\n\n\n<div class=\"wp-block-uagb-container uagb-block-56897d7f\">\n<div class=\"wp-block-uagb-container uagb-block-bbbe9234\">\n<div class=\"wp-block-uagb-image alignleft uagb-block-329c8c52 wp-block-uagb-image--layout-default wp-block-uagb-image--effect-static wp-block-uagb-image--align-left\"><figure class=\"wp-block-uagb-image__figure\"><img decoding=\"async\" srcset=\"https:\/\/clinicalaconcepcion.com.co\/newsite\/wp-content\/uploads\/2025\/03\/person-holding-black-tube-1001897-1024x682.jpeg ,https:\/\/clinicalaconcepcion.com.co\/newsite\/wp-content\/uploads\/2025\/03\/person-holding-black-tube-1001897.jpeg 780w, https:\/\/clinicalaconcepcion.com.co\/newsite\/wp-content\/uploads\/2025\/03\/person-holding-black-tube-1001897.jpeg 360w\" sizes=\"auto, (max-width: 480px) 150px\" src=\"https:\/\/clinicalaconcepcion.com.co\/newsite\/wp-content\/uploads\/2025\/03\/person-holding-black-tube-1001897-1024x682.jpeg\" alt=\"Close-up image of a person using a glucometer for diabetes management indoors.\" class=\"uag-image-1627\" width=\"526\" height=\"536\" title=\"person-holding-black-tube-1001897\" loading=\"lazy\" role=\"img\"\/><\/figure><\/div>\n<\/div>\n\n\n\n<div class=\"wp-block-uagb-container uagb-block-3ff7640a\">\n<div class=\"wp-block-uagb-info-box uagb-block-39bef82b uagb-infobox__content-wrap  uagb-infobox-icon-above-title uagb-infobox-image-valign-top\"><div class=\"uagb-ifb-content\"><div class=\"uagb-ifb-title-wrap\"><\/div><\/div><\/div>\n\n\n\n<div class=\"wp-block-uagb-info-box uagb-block-9d2f4fbc uagb-infobox__content-wrap  uagb-infobox-icon-above-title uagb-infobox-image-valign-top\"><div class=\"uagb-ifb-content\"><div class=\"uagb-ifb-title-wrap\"><\/div><\/div><\/div>\n<\/div>\n<\/div>\n<\/div><\/div>\n\n\n\n<div class=\"wp-block-uagb-container uagb-block-7167feb3 alignfull uagb-is-root-container\"><div class=\"uagb-container-inner-blocks-wrap\">\n<div class=\"wp-block-uagb-container uagb-block-5d2e2347\"><\/div>\n<\/div><\/div>\n\n\n\n<div class=\"wp-block-uagb-container uagb-block-c84325e4 alignfull uagb-is-root-container\"><div class=\"uagb-container-inner-blocks-wrap\">\n<div class=\"wp-block-uagb-info-box uagb-block-d8a09d88 uagb-infobox__content-wrap  uagb-infobox-icon-above-title uagb-infobox-image-valign-top\"><div class=\"uagb-ifb-content\"><div class=\"uagb-ifb-title-wrap\"><h2 class=\"uagb-ifb-title\">Tu Salud, Nuestra Prioridad<\/h2><\/div><p class=\"uagb-ifb-desc\">Cont\u00e1ctanos hoy mismo y descubre c\u00f3mo podemos ayudarte a mejorar tu calidad de vida y bienestar general.<\/p><div class=\"uagb-ifb-button-wrapper wp-block-button\"><a href=\"\/contact\/\" class=\"uagb-infobox-cta-link wp-block-button__link\" target=\"_self\" rel=\"noopener noreferrer\" onclick=\"return true;\"><span class=\"uagb-inline-editing\">Cont\u00e1ctanos<\/span><\/a><\/div><\/div><\/div>\n<\/div><\/div>\n","protected":false},"excerpt":{"rendered":"<p>Informaci\u00f3n para pacientes Derechos y Deberes de los Pacientes Pol\u00edticas de Calidad<\/p>\n","protected":false},"author":10,"featured_media":0,"parent":0,"menu_order":0,"comment_status":"closed","ping_status":"closed","template":"","meta":{"_uag_custom_page_level_css":"","site-sidebar-layout":"default","site-content-layout":"","ast-site-content-layout":"default","site-content-style":"default","site-sidebar-style":"default","ast-global-header-display":"","ast-banner-title-visibility":"","ast-main-header-display":"","ast-hfb-above-header-display":"","ast-hfb-below-header-display":"","ast-hfb-mobile-header-display":"","site-post-title":"disabled","ast-breadcrumbs-content":"","ast-featured-img":"","footer-sml-layout":"","ast-disable-related-posts":"","theme-transparent-header-meta":"enabled","adv-header-id-meta":"","stick-header-meta":"","header-above-stick-meta":"","header-main-stick-meta":"","header-below-stick-meta":"","astra-migrate-meta-layouts":"set","ast-page-background-enabled":"default","ast-page-background-meta":{"desktop":{"background-color":"var(--ast-global-color-4)","background-image":"","background-repeat":"repeat","background-position":"center center","background-size":"auto","background-attachment":"scroll","background-type":"","background-media":"","overlay-type":"","overlay-color":"","overlay-opacity":"","overlay-gradient":""},"tablet":{"background-color":"","background-image":"","background-repeat":"repeat","background-position":"center center","background-size":"auto","background-attachment":"scroll","background-type":"","background-media":"","overlay-type":"","overlay-color":"","overlay-opacity":"","overlay-gradient":""},"mobile":{"background-color":"","background-image":"","background-repeat":"repeat","background-position":"center center","background-size":"auto","background-attachment":"scroll","background-type":"","background-media":"","overlay-type":"","overlay-color":"","overlay-opacity":"","overlay-gradient":""}},"ast-content-background-meta":{"desktop":{"background-color":"var(--ast-global-color-5)","background-image":"","background-repeat":"repeat","background-position":"center center","background-size":"auto","background-attachment":"scroll","background-type":"","background-media":"","overlay-type":"","overlay-color":"","overlay-opacity":"","overlay-gradient":""},"tablet":{"background-color":"var(--ast-global-color-5)","background-image":"","background-repeat":"repeat","background-position":"center center","background-size":"auto","background-attachment":"scroll","background-type":"","background-media":"","overlay-type":"","overlay-color":"","overlay-opacity":"","overlay-gradient":""},"mobile":{"background-color":"var(--ast-global-color-5)","background-image":"","background-repeat":"repeat","background-position":"center center","background-size":"auto","background-attachment":"scroll","background-type":"","background-media":"","overlay-type":"","overlay-color":"","overlay-opacity":"","overlay-gradient":""}},"footnotes":""},"class_list":["post-1672","page","type-page","status-publish","hentry"],"uagb_featured_image_src":{"full":false,"thumbnail":false,"medium":false,"medium_large":false,"large":false,"1536x1536":false,"2048x2048":false},"uagb_author_info":{"display_name":"vvorirutsac3","author_link":"https:\/\/clinicalaconcepcion.com.co\/newsite\/author\/vvorirutsac3\/"},"uagb_comment_info":0,"uagb_excerpt":"Informaci\u00f3n para pacientes Derechos y Deberes de los Pacientes Pol\u00edticas de Calidad","_links":{"self":[{"href":"https:\/\/clinicalaconcepcion.com.co\/newsite\/wp-json\/wp\/v2\/pages\/1672","targetHints":{"allow":["GET"]}}],"collection":[{"href":"https:\/\/clinicalaconcepcion.com.co\/newsite\/wp-json\/wp\/v2\/pages"}],"about":[{"href":"https:\/\/clinicalaconcepcion.com.co\/newsite\/wp-json\/wp\/v2\/types\/page"}],"author":[{"embeddable":true,"href":"https:\/\/clinicalaconcepcion.com.co\/newsite\/wp-json\/wp\/v2\/users\/10"}],"replies":[{"embeddable":true,"href":"https:\/\/clinicalaconcepcion.com.co\/newsite\/wp-json\/wp\/v2\/comments?post=1672"}],"version-history":[{"count":5,"href":"https:\/\/clinicalaconcepcion.com.co\/newsite\/wp-json\/wp\/v2\/pages\/1672\/revisions"}],"predecessor-version":[{"id":1721,"href":"https:\/\/clinicalaconcepcion.com.co\/newsite\/wp-json\/wp\/v2\/pages\/1672\/revisions\/1721"}],"wp:attachment":[{"href":"https:\/\/clinicalaconcepcion.com.co\/newsite\/wp-json\/wp\/v2\/media?parent=1672"}],"curies":[{"name":"wp","href":"https:\/\/api.w.org\/{rel}","templated":true}]}}