{"id":8,"date":"2025-03-24T23:12:29","date_gmt":"2025-03-24T23:12:29","guid":{"rendered":"https:\/\/amazed-arielle-q9a5z.zipwp.site\/?page_id=8"},"modified":"2025-05-29T18:59:44","modified_gmt":"2025-05-29T18:59:44","slug":"home","status":"publish","type":"page","link":"https:\/\/clinicalaconcepcion.com.co\/newsite\/","title":{"rendered":"Home"},"content":{"rendered":"\n<div class=\"wp-block-uagb-container uagb-block-edf9ad47 alignfull uagb-is-root-container\"><div class=\"uagb-container-inner-blocks-wrap\">\n<div class=\"wp-block-uagb-info-box uagb-block-360d083e uagb-infobox__content-wrap  uagb-infobox-icon-above-title uagb-infobox-image-valign-top\"><div class=\"uagb-ifb-content\"><div class=\"uagb-ifb-title-wrap\"><h1 class=\"uagb-ifb-title\">Bienestar y Salud para Todos<\/h1><\/div><p class=\"uagb-ifb-desc\">Brindamos atenci\u00f3n m\u00e9dica integral con un equipo humano especializado y servicios de calidad en Barranquilla.<\/p><div class=\"uagb-ifb-button-wrapper wp-block-button\"><a href=\"contact\/\" class=\"uagb-infobox-cta-link wp-block-button__link\" target=\"_self\" rel=\"noopener noreferrer\" onclick=\"return true;\"><span class=\"uagb-inline-editing\">Agenda tu cita<\/span><\/a><\/div><\/div><\/div>\n<\/div><\/div>\n\n\n\n<div class=\"wp-block-uagb-container uagb-block-cd2fc679 alignfull uagb-is-root-container\"><div class=\"uagb-container-inner-blocks-wrap\">\n<div class=\"wp-block-uagb-info-box uagb-block-3b175fd5 uagb-infobox__content-wrap  uagb-infobox-icon-above-title uagb-infobox-image-valign-top\"><div class=\"uagb-ifb-content\"><div class=\"uagb-ifb-title-wrap\"><h2 class=\"uagb-ifb-title\">Servicios M\u00e9dicos Especializados<\/h2><\/div><p class=\"uagb-ifb-desc\">Descubre la variedad de servicios que ofrecemos para brindar la mejor atenci\u00f3n y cuidado a nuestra comunidad.<\/p><\/div><\/div>\n\n\n\n<div class=\"wp-block-uagb-container uagb-block-93377a07\">\n<div class=\"wp-block-uagb-container uagb-block-fae5d157\">\n<div class=\"wp-block-uagb-image alignleft uagb-block-df4cd6be wp-block-uagb-image--layout-default wp-block-uagb-image--effect-static wp-block-uagb-image--align-left\"><figure class=\"wp-block-uagb-image__figure\"><img decoding=\"async\" srcset=\"https:\/\/clinicalaconcepcion.com.co\/newsite\/wp-content\/uploads\/2025\/05\/concepcion_4-1024x683.jpg ,https:\/\/clinicalaconcepcion.com.co\/newsite\/wp-content\/uploads\/2025\/05\/concepcion_4.jpg 780w, https:\/\/clinicalaconcepcion.com.co\/newsite\/wp-content\/uploads\/2025\/05\/concepcion_4.jpg 360w\" sizes=\"auto, (max-width: 480px) 150px\" src=\"https:\/\/clinicalaconcepcion.com.co\/newsite\/wp-content\/uploads\/2025\/05\/concepcion_4-1024x683.jpg\" alt=\"\" class=\"uag-image-1691\" width=\"373\" height=\"480\" title=\"concepcion_4\" loading=\"lazy\" role=\"img\"\/><\/figure><\/div>\n\n\n\n<div class=\"wp-block-uagb-advanced-heading uagb-block-82da6484\"><h3 class=\"uagb-heading-text\">Hospitalizaci\u00f3n<\/h3><p class=\"uagb-desc-text\">Contamos con instalaciones modernas y c\u00f3modas para la hospitalizaci\u00f3n, garantizando la seguridad y el bienestar de nuestros pacientes durante su recuperaci\u00f3n.<\/p><\/div>\n<\/div>\n\n\n\n<div class=\"wp-block-uagb-container uagb-block-b4a21a88\">\n<div class=\"wp-block-uagb-image alignleft uagb-block-2400b6c1 wp-block-uagb-image--layout-default wp-block-uagb-image--effect-static wp-block-uagb-image--align-left\"><figure class=\"wp-block-uagb-image__figure\"><img decoding=\"async\" srcset=\"https:\/\/clinicalaconcepcion.com.co\/newsite\/wp-content\/uploads\/2025\/03\/f781b9f3-6682-4acc-a33e-7cc974842e1d-1024x682.jpg ,https:\/\/clinicalaconcepcion.com.co\/newsite\/wp-content\/uploads\/2025\/03\/f781b9f3-6682-4acc-a33e-7cc974842e1d.jpg 780w, https:\/\/clinicalaconcepcion.com.co\/newsite\/wp-content\/uploads\/2025\/03\/f781b9f3-6682-4acc-a33e-7cc974842e1d.jpg 360w\" sizes=\"auto, (max-width: 480px) 150px\" src=\"https:\/\/clinicalaconcepcion.com.co\/newsite\/wp-content\/uploads\/2025\/03\/f781b9f3-6682-4acc-a33e-7cc974842e1d-1024x682.jpg\" alt=\"f781b9f3-6682-4acc-a33e-7cc974842e1d\" class=\"uag-image-1617\" width=\"373\" height=\"480\" title=\"f781b9f3-6682-4acc-a33e-7cc974842e1d\" loading=\"lazy\" role=\"img\"\/><\/figure><\/div>\n\n\n\n<div class=\"wp-block-uagb-advanced-heading uagb-block-ddf76d8a\"><h3 class=\"uagb-heading-text\">Cirug\u00eda General<\/h3><p class=\"uagb-desc-text\">Ofrecemos procedimientos quir\u00fargicos en manos de expertos, asegurando una atenci\u00f3n de calidad y un seguimiento integral antes y despu\u00e9s de la cirug\u00eda.<\/p><\/div>\n<\/div>\n\n\n\n<div class=\"wp-block-uagb-container uagb-block-4be5b602\">\n<div class=\"wp-block-uagb-image alignright uagb-block-b48fe4eb wp-block-uagb-image--layout-default wp-block-uagb-image--effect-static wp-block-uagb-image--align-right alignleft\"><figure class=\"wp-block-uagb-image__figure\"><img decoding=\"async\" srcset=\"https:\/\/clinicalaconcepcion.com.co\/newsite\/wp-content\/uploads\/2025\/05\/consulta-733x1024.jpg ,https:\/\/clinicalaconcepcion.com.co\/newsite\/wp-content\/uploads\/2025\/05\/consulta.jpg 780w, https:\/\/clinicalaconcepcion.com.co\/newsite\/wp-content\/uploads\/2025\/05\/consulta.jpg 360w\" sizes=\"auto, (max-width: 480px) 150px\" src=\"https:\/\/clinicalaconcepcion.com.co\/newsite\/wp-content\/uploads\/2025\/05\/consulta-733x1024.jpg\" alt=\"\" class=\"uag-image-1718\" width=\"373\" height=\"480\" title=\"consulta\" loading=\"lazy\" role=\"img\"\/><\/figure><\/div>\n\n\n\n<div class=\"wp-block-uagb-advanced-heading uagb-block-2d89467b\"><h3 class=\"uagb-heading-text\">Consulta Externa<\/h3><p class=\"uagb-desc-text\">Brindamos consultas externas con especialistas en diversas \u00e1reas, garantizando un diagn\u00f3stico acertado y un manejo adecuado de cada patolog\u00eda.<\/p><\/div>\n<\/div>\n<\/div>\n<\/div><\/div>\n\n\n\n<div class=\"wp-block-uagb-container uagb-block-0cf1e869 alignfull uagb-is-root-container\"><div class=\"uagb-container-inner-blocks-wrap\">\n<div class=\"wp-block-uagb-container uagb-block-8e894bf5\">\n<div class=\"wp-block-uagb-image alignleft uagb-block-88e52dea wp-block-uagb-image--layout-default wp-block-uagb-image--effect-static wp-block-uagb-image--align-left\"><figure class=\"wp-block-uagb-image__figure\"><img decoding=\"async\" srcset=\"https:\/\/clinicalaconcepcion.com.co\/newsite\/wp-content\/uploads\/2025\/03\/logo-png.png ,https:\/\/clinicalaconcepcion.com.co\/newsite\/wp-content\/uploads\/2025\/03\/logo-png.png 780w, https:\/\/clinicalaconcepcion.com.co\/newsite\/wp-content\/uploads\/2025\/03\/logo-png.png 360w\" sizes=\"auto, (max-width: 480px) 150px\" src=\"https:\/\/clinicalaconcepcion.com.co\/newsite\/wp-content\/uploads\/2025\/03\/logo-png.png\" alt=\"\" class=\"uag-image-1615\" width=\"550\" height=\"536\" title=\"\" loading=\"lazy\" role=\"img\"\/><\/figure><\/div>\n<\/div>\n\n\n\n<div class=\"wp-block-uagb-container uagb-block-db5a712e\">\n<div class=\"wp-block-uagb-info-box uagb-block-69f2621f uagb-infobox__content-wrap  uagb-infobox-icon-above-title uagb-infobox-image-valign-top\"><div class=\"uagb-ifb-content\"><div class=\"uagb-ifb-title-wrap\"><h2 class=\"uagb-ifb-title\">Nuestra Historia y Compromiso<\/h2><\/div><p class=\"uagb-ifb-desc\">Con m\u00e1s de 28 a\u00f1os de experiencia en el sector salud, Cl\u00ednica Salud La Concepci\u00f3n se ha consolidado como una instituci\u00f3n l\u00edder en Barranquilla, enfoc\u00e1ndose en la calidad de vida de sus pacientes mediante atenci\u00f3n integral y especializada.<\/p><div class=\"uagb-ifb-button-wrapper wp-block-button\"><a href=\"about\/\" class=\"uagb-infobox-cta-link wp-block-button__link\" target=\"_self\" rel=\"noopener noreferrer\" onclick=\"return true;\"><span class=\"uagb-inline-editing\">Aprender m\u00e1s<\/span><\/a><\/div><\/div><\/div>\n<\/div>\n<\/div><\/div>\n\n\n\n<div class=\"wp-block-uagb-container uagb-block-b9774670 alignfull uagb-is-root-container\"><div class=\"uagb-container-inner-blocks-wrap\">\n<div class=\"wp-block-uagb-testimonial uagb-slick-carousel uagb-tm__arrow-outside uagb-block-9c5eb390 uagb-post__carousel_notset uagb-post__carousel_notset-tablet uagb-post__carousel_notset-mobile\"><div class=\"is-carousel uagb-tm__columns-1 uagb-tm__items\"><div class=\"uagb-testimonial__wrap  uagb-tm__imgicon-style-circle uagb-tm__image-position-top uagb-tm__bg-type-none \"><div class=\"uagb-tm__content\"><div class=\"uagb-tm__overlay\"><\/div><div class=\"uagb-tm__image-content\"><div class=\"uagb-tm__image\"><img decoding=\"async\" class=\"uagb-tm-img-src\" src=\"https:\/\/clinicalaconcepcion.com.co\/newsite\/wp-content\/uploads\/2023\/08\/testimonial-skip-01.jpeg\" alt=\"\" width=\"64\" height=\"64\" loading=\"lazy\"\/><\/div><\/div><div class=\"uagb-tm__text-wrap\"><div class=\"uagb-tm__desc\">La atenci\u00f3n en Cl\u00ednica Salud La Concepci\u00f3n fue excepcional. Me sent\u00ed cuidado y acompa\u00f1ado en todo momento, gracias al personal tan profesional.<\/div><div class=\"uagb-tm__meta-inner\"><div class=\"uagb-testimonial-details\"><span class=\"uagb-tm__author-name\">Juan P\u00e9rez<\/span><span class=\"uagb-tm__company\"><\/span><\/div><\/div><\/div><\/div><\/div><\/div><\/div>\n<\/div><\/div>\n\n\n\n<div class=\"wp-block-uagb-container uagb-block-ec01bfa7 alignfull uagb-is-root-container\"><div class=\"uagb-container-inner-blocks-wrap\">\n<div class=\"wp-block-uagb-info-box uagb-block-13d69fb3 uagb-infobox__content-wrap  uagb-infobox-icon-above-title uagb-infobox-image-valign-top\"><div class=\"uagb-ifb-content\"><div class=\"uagb-ifb-title-wrap\"><h2 class=\"uagb-ifb-title\">Compromiso con la Salud y Bienestar de la Comunidad<\/h2><\/div><p class=\"uagb-ifb-desc\">En Cl\u00ednica Salud La Concepci\u00f3n, nos dedicamos a ofrecer servicios de alta calidad que priorizan la satisfacci\u00f3n y el bienestar de nuestros pacientes, promoviendo una atenci\u00f3n integral.<\/p><\/div><\/div>\n\n\n\n<div class=\"wp-block-uagb-container uagb-block-5bf3f238\">\n<div class=\"wp-block-uagb-container uagb-block-8b947d96\">\n<div class=\"wp-block-uagb-image uagb-block-f831083c wp-block-uagb-image--layout-default wp-block-uagb-image--effect-static wp-block-uagb-image--align-none\"><figure class=\"wp-block-uagb-image__figure\"><img decoding=\"async\" srcset=\"https:\/\/clinicalaconcepcion.com.co\/newsite\/wp-content\/uploads\/2025\/03\/08bf2ec6-ed58-4eb1-aa2f-0c838167c17e-1024x682.jpg ,https:\/\/clinicalaconcepcion.com.co\/newsite\/wp-content\/uploads\/2025\/03\/08bf2ec6-ed58-4eb1-aa2f-0c838167c17e.jpg 780w, https:\/\/clinicalaconcepcion.com.co\/newsite\/wp-content\/uploads\/2025\/03\/08bf2ec6-ed58-4eb1-aa2f-0c838167c17e.jpg 360w\" sizes=\"auto, (max-width: 480px) 150px\" src=\"https:\/\/clinicalaconcepcion.com.co\/newsite\/wp-content\/uploads\/2025\/03\/08bf2ec6-ed58-4eb1-aa2f-0c838167c17e-1024x682.jpg\" alt=\"08bf2ec6-ed58-4eb1-aa2f-0c838167c17e\" class=\"uag-image-1620\" width=\"550\" height=\"500\" title=\"08bf2ec6-ed58-4eb1-aa2f-0c838167c17e\" loading=\"lazy\" role=\"img\"\/><\/figure><\/div>\n<\/div>\n\n\n\n<div class=\"wp-block-uagb-container uagb-block-c465247c\">\n<div class=\"wp-block-uagb-info-box uagb-block-73b22374 uagb-infobox__content-wrap  uagb-infobox-icon-above-title uagb-infobox-image-valign-top\"><div class=\"uagb-ifb-content\"><div class=\"uagb-ifb-title-wrap\"><h3 class=\"uagb-ifb-title\">Atenci\u00f3n Personalizada<\/h3><\/div><p class=\"uagb-ifb-desc\">Nuestro enfoque se centra en ofrecer un servicio adaptado a las necesidades de cada paciente, priorizando su comodidad y satisfacci\u00f3n en cada visita.<\/p><div class=\"uagb-ifb-button-wrapper wp-block-button\"><a href=\"offerings\/\" class=\"uagb-infobox-cta-link wp-block-button__link\" target=\"_self\" rel=\"noopener noreferrer\" onclick=\"return true;\"><span class=\"uagb-inline-editing\">Aprender m\u00e1s<\/span><\/a><\/div><\/div><\/div>\n<\/div>\n<\/div>\n\n\n\n<div class=\"wp-block-uagb-container uagb-block-4dac132f\">\n<div class=\"wp-block-uagb-container uagb-block-44450004\">\n<div class=\"wp-block-uagb-image uagb-block-1fbbd46b wp-block-uagb-image--layout-default wp-block-uagb-image--effect-static wp-block-uagb-image--align-none\"><figure class=\"wp-block-uagb-image__figure\"><img decoding=\"async\" srcset=\"https:\/\/clinicalaconcepcion.com.co\/newsite\/wp-content\/uploads\/2025\/05\/home_2-1024x699.jpg ,https:\/\/clinicalaconcepcion.com.co\/newsite\/wp-content\/uploads\/2025\/05\/home_2.jpg 780w, https:\/\/clinicalaconcepcion.com.co\/newsite\/wp-content\/uploads\/2025\/05\/home_2.jpg 360w\" sizes=\"auto, (max-width: 480px) 150px\" src=\"https:\/\/clinicalaconcepcion.com.co\/newsite\/wp-content\/uploads\/2025\/05\/home_2-1024x699.jpg\" alt=\"\" class=\"uag-image-1681\" width=\"550\" height=\"500\" title=\"home_2\" loading=\"lazy\" role=\"img\"\/><\/figure><\/div>\n<\/div>\n\n\n\n<div class=\"wp-block-uagb-container uagb-block-8b26c666\">\n<div class=\"wp-block-uagb-info-box uagb-block-af69361d uagb-infobox__content-wrap  uagb-infobox-icon-above-title uagb-infobox-image-valign-top\"><div class=\"uagb-ifb-content\"><div class=\"uagb-ifb-title-wrap\"><h3 class=\"uagb-ifb-title\">Equipo Especializado<\/h3><\/div><p class=\"uagb-ifb-desc\">Contamos con un equipo de profesionales altamente calificados que est\u00e1n comprometidos con la mejora continua y la excelencia en la atenci\u00f3n m\u00e9dica.<\/p><div class=\"uagb-ifb-button-wrapper wp-block-button\"><a href=\"offerings\/\" class=\"uagb-infobox-cta-link wp-block-button__link\" target=\"_self\" rel=\"noopener noreferrer\" onclick=\"return true;\"><span class=\"uagb-inline-editing\">Aprender m\u00e1s<\/span><\/a><\/div><\/div><\/div>\n<\/div>\n<\/div>\n<\/div><\/div>\n\n\n\n<div class=\"wp-block-uagb-container uagb-block-c84325e4 alignfull uagb-is-root-container\"><div class=\"uagb-container-inner-blocks-wrap\">\n<div class=\"wp-block-uagb-info-box uagb-block-d8a09d88 uagb-infobox__content-wrap  uagb-infobox-icon-above-title uagb-infobox-image-valign-top\"><div class=\"uagb-ifb-content\"><div class=\"uagb-ifb-title-wrap\"><h2 class=\"uagb-ifb-title\">Tu Salud, Nuestra Prioridad<\/h2><\/div><p class=\"uagb-ifb-desc\">Cont\u00e1ctanos hoy mismo y descubre c\u00f3mo podemos ayudarte a mejorar tu calidad de vida y bienestar general.<\/p><div class=\"uagb-ifb-button-wrapper wp-block-button\"><a href=\"\/contact\/\" class=\"uagb-infobox-cta-link wp-block-button__link\" target=\"_self\" rel=\"noopener noreferrer\" onclick=\"return true;\"><span class=\"uagb-inline-editing\">Cont\u00e1ctanos<\/span><\/a><\/div><\/div><\/div>\n<\/div><\/div>\n\n\n\n<div class=\"wp-block-uagb-container uagb-block-781c24c6 alignfull uagb-is-root-container\"><div class=\"uagb-container-inner-blocks-wrap\">\n<div style=\"height:100px\" aria-hidden=\"true\" class=\"wp-block-spacer\"><\/div>\n\n\n\n<div class=\"wp-block-uagb-advanced-heading uagb-block-f6db6747\"><h2 class=\"uagb-heading-text\">Nuestros Convenios<\/h2><\/div>\n<\/div><\/div>\n\n\n\n<div class=\"wp-block-uagb-image uagb-block-5a17ff1b wp-block-uagb-image--layout-default wp-block-uagb-image--effect-static wp-block-uagb-image--align-none\"><figure class=\"wp-block-uagb-image__figure\"><img decoding=\"async\" srcset=\"https:\/\/clinicalaconcepcion.com.co\/newsite\/wp-content\/uploads\/2025\/05\/convenios_2.jpg ,https:\/\/clinicalaconcepcion.com.co\/newsite\/wp-content\/uploads\/2025\/05\/convenios_2.jpg 780w, https:\/\/clinicalaconcepcion.com.co\/newsite\/wp-content\/uploads\/2025\/05\/convenios_2.jpg 360w\" sizes=\"auto, (max-width: 480px) 150px\" src=\"https:\/\/clinicalaconcepcion.com.co\/newsite\/wp-content\/uploads\/2025\/05\/convenios_2.jpg\" alt=\"\" class=\"uag-image-1689\" width=\"1024\" height=\"330\" title=\"convenios_2\" loading=\"lazy\" role=\"img\"\/><\/figure><\/div>\n\n\n\n<p><\/p>\n","protected":false},"excerpt":{"rendered":"<p>Hospitalizaci\u00f3n Contamos con instalaciones modernas y c\u00f3modas para la hospitalizaci\u00f3n, garantizando la seguridad y el bienestar de nuestros pacientes durante [&hellip;]<\/p>\n","protected":false},"author":10,"featured_media":0,"parent":0,"menu_order":0,"comment_status":"closed","ping_status":"closed","template":"","meta":{"_uag_custom_page_level_css":"","site-sidebar-layout":"default","site-content-layout":"","ast-site-content-layout":"default","site-content-style":"default","site-sidebar-style":"default","ast-global-header-display":"","ast-banner-title-visibility":"","ast-main-header-display":"","ast-hfb-above-header-display":"","ast-hfb-below-header-display":"","ast-hfb-mobile-header-display":"","site-post-title":"disabled","ast-breadcrumbs-content":"","ast-featured-img":"","footer-sml-layout":"","ast-disable-related-posts":"","theme-transparent-header-meta":"enabled","adv-header-id-meta":"","stick-header-meta":"","header-above-stick-meta":"","header-main-stick-meta":"","header-below-stick-meta":"","astra-migrate-meta-layouts":"set","ast-page-background-enabled":"default","ast-page-background-meta":{"desktop":{"background-color":"var(--ast-global-color-4)","background-image":"","background-repeat":"repeat","background-position":"center center","background-size":"auto","background-attachment":"scroll","background-type":"","background-media":"","overlay-type":"","overlay-color":"","overlay-opacity":"","overlay-gradient":""},"tablet":{"background-color":"","background-image":"","background-repeat":"repeat","background-position":"center center","background-size":"auto","background-attachment":"scroll","background-type":"","background-media":"","overlay-type":"","overlay-color":"","overlay-opacity":"","overlay-gradient":""},"mobile":{"background-color":"","background-image":"","background-repeat":"repeat","background-position":"center center","background-size":"auto","background-attachment":"scroll","background-type":"","background-media":"","overlay-type":"","overlay-color":"","overlay-opacity":"","overlay-gradient":""}},"ast-content-background-meta":{"desktop":{"background-color":"var(--ast-global-color-5)","background-image":"","background-repeat":"repeat","background-position":"center center","background-size":"auto","background-attachment":"scroll","background-type":"","background-media":"","overlay-type":"","overlay-color":"","overlay-opacity":"","overlay-gradient":""},"tablet":{"background-color":"var(--ast-global-color-5)","background-image":"","background-repeat":"repeat","background-position":"center center","background-size":"auto","background-attachment":"scroll","background-type":"","background-media":"","overlay-type":"","overlay-color":"","overlay-opacity":"","overlay-gradient":""},"mobile":{"background-color":"var(--ast-global-color-5)","background-image":"","background-repeat":"repeat","background-position":"center center","background-size":"auto","background-attachment":"scroll","background-type":"","background-media":"","overlay-type":"","overlay-color":"","overlay-opacity":"","overlay-gradient":""}},"footnotes":""},"class_list":["post-8","page","type-page","status-publish","hentry"],"uagb_featured_image_src":{"full":false,"thumbnail":false,"medium":false,"medium_large":false,"large":false,"1536x1536":false,"2048x2048":false},"uagb_author_info":{"display_name":"vvorirutsac3","author_link":"https:\/\/clinicalaconcepcion.com.co\/newsite\/author\/vvorirutsac3\/"},"uagb_comment_info":0,"uagb_excerpt":"Hospitalizaci\u00f3n Contamos con instalaciones modernas y c\u00f3modas para la hospitalizaci\u00f3n, garantizando la seguridad y el bienestar de nuestros pacientes durante [&hellip;]","_links":{"self":[{"href":"https:\/\/clinicalaconcepcion.com.co\/newsite\/wp-json\/wp\/v2\/pages\/8","targetHints":{"allow":["GET"]}}],"collection":[{"href":"https:\/\/clinicalaconcepcion.com.co\/newsite\/wp-json\/wp\/v2\/pages"}],"about":[{"href":"https:\/\/clinicalaconcepcion.com.co\/newsite\/wp-json\/wp\/v2\/types\/page"}],"author":[{"embeddable":true,"href":"https:\/\/clinicalaconcepcion.com.co\/newsite\/wp-json\/wp\/v2\/users\/10"}],"replies":[{"embeddable":true,"href":"https:\/\/clinicalaconcepcion.com.co\/newsite\/wp-json\/wp\/v2\/comments?post=8"}],"version-history":[{"count":12,"href":"https:\/\/clinicalaconcepcion.com.co\/newsite\/wp-json\/wp\/v2\/pages\/8\/revisions"}],"predecessor-version":[{"id":1719,"href":"https:\/\/clinicalaconcepcion.com.co\/newsite\/wp-json\/wp\/v2\/pages\/8\/revisions\/1719"}],"wp:attachment":[{"href":"https:\/\/clinicalaconcepcion.com.co\/newsite\/wp-json\/wp\/v2\/media?parent=8"}],"curies":[{"name":"wp","href":"https:\/\/api.w.org\/{rel}","templated":true}]}}